{"id":20,"date":"2025-12-10T17:52:18","date_gmt":"2025-12-10T16:52:18","guid":{"rendered":"http:\/\/3d.edumaker.cz\/?page_id=20"},"modified":"2025-12-16T14:36:46","modified_gmt":"2025-12-16T13:36:46","slug":"slicer","status":"publish","type":"page","link":"https:\/\/3d.edumaker.cz\/?page_id=20","title":{"rendered":"Prusa Slicer"},"content":{"rendered":"\n<p class=\"has-large-font-size\"><strong>Zde si uk\u00e1\u017eeme postup od modelu k v\u00fdrobku.<\/strong><br><br>Ujist\u00edme se \u017ee tisk\u00e1rna je <a href=\"https:\/\/3d.edumaker.cz\/?page_id=36\" data-type=\"page\" data-id=\"36\">zkalibrovan\u00e1 podle n\u00e1vodu<\/a>.<br><br>Najdeme si nebo vytvo\u0159\u00edme model podle <a href=\"https:\/\/3d.edumaker.cz\/?page_id=41\" data-type=\"page\" data-id=\"41\">n\u00e1vodu<\/a>.<br><br>D\u00e1le si st\u00e1hneme <strong><mark style=\"background-color:rgba(0, 0, 0, 0);color:#eb6f40\" class=\"has-inline-color\"><a href=\"https:\/\/prusaslicer.net\/#download\">Pr\u016f\u0161a Slicer<\/a><\/mark><\/strong>.<\/p>\n\n\n\n<figure class=\"wp-block-image size-full is-resized\"><a href=\"https:\/\/prusaslicer.net\/\"><img loading=\"lazy\" decoding=\"async\" width=\"786\" height=\"367\" src=\"http:\/\/3d.edumaker.cz\/wp-content\/uploads\/2025\/12\/Navrh-bez-nazvu1.png\" alt=\"\" class=\"wp-image-48\" style=\"aspect-ratio:2.141671350701298;width:268px;height:auto\" srcset=\"https:\/\/3d.edumaker.cz\/wp-content\/uploads\/2025\/12\/Navrh-bez-nazvu1.png 786w, https:\/\/3d.edumaker.cz\/wp-content\/uploads\/2025\/12\/Navrh-bez-nazvu1-300x140.png 300w, https:\/\/3d.edumaker.cz\/wp-content\/uploads\/2025\/12\/Navrh-bez-nazvu1-768x359.png 768w\" sizes=\"auto, (max-width: 786px) 100vw, 786px\" \/><\/a><\/figure>\n\n\n\n<p>Po sta\u017een\u00ed instalaci PrusaSliceru se vrhneme na konfiguraci. <br>St\u00e1hneme si n\u00e1mi p\u0159ipraven\u00fd konfigura\u010dn\u00ed soubor:<br><\/p>\n\n\n\n<div class=\"wp-block-file\" style=\"margin-right:0;margin-left:0;padding-right:var(--wp--preset--spacing--80);padding-left:var(--wp--preset--spacing--80)\"><a id=\"wp-block-file--media-aeb3938f-3892-4dba-a8d8-f2281ed92d87\" href=\"https:\/\/3d.edumaker.cz\/wp-content\/uploads\/2025\/12\/config.ini\"><strong>config<\/strong><\/a><a href=\"https:\/\/3d.edumaker.cz\/wp-content\/uploads\/2025\/12\/config.ini\" class=\"wp-block-file__button wp-element-button\" download aria-describedby=\"wp-block-file--media-aeb3938f-3892-4dba-a8d8-f2281ed92d87\">St\u00e1hnout<\/a><\/div>\n\n\n\n<p>V lev\u00e9m horn\u00edm rohu klikneme na:<br><em>Soubor-&gt;Importovat-&gt;Importovat konfiguraci<\/em><br><\/p>\n\n\n\n<figure class=\"wp-block-image size-large\"><img loading=\"lazy\" decoding=\"async\" width=\"1024\" height=\"602\" src=\"https:\/\/3d.edumaker.cz\/wp-content\/uploads\/2025\/12\/image-1024x602.png\" alt=\"\" class=\"wp-image-55\" srcset=\"https:\/\/3d.edumaker.cz\/wp-content\/uploads\/2025\/12\/image-1024x602.png 1024w, https:\/\/3d.edumaker.cz\/wp-content\/uploads\/2025\/12\/image-300x176.png 300w, https:\/\/3d.edumaker.cz\/wp-content\/uploads\/2025\/12\/image-768x451.png 768w, https:\/\/3d.edumaker.cz\/wp-content\/uploads\/2025\/12\/image.png 1314w\" sizes=\"auto, (max-width: 1024px) 100vw, 1024px\" \/><\/figure>\n\n\n\n<p><br>D\u00e1le vlo\u017e\u00edme model p\u0159eta\u017een\u00edm souboru do okna sliceru.<br>(Config je p\u0159ipraven\u00fd pro materi\u00e1l PLA)<br>V prav\u00e9m spodn\u00edm rohu klikneme na &#8222;Slicovat&#8220;<\/p>\n\n\n\n<figure class=\"wp-block-image size-full\"><img loading=\"lazy\" decoding=\"async\" width=\"539\" height=\"52\" src=\"https:\/\/3d.edumaker.cz\/wp-content\/uploads\/2025\/12\/image-6-edited.png\" alt=\"\" class=\"wp-image-106\" srcset=\"https:\/\/3d.edumaker.cz\/wp-content\/uploads\/2025\/12\/image-6-edited.png 539w, https:\/\/3d.edumaker.cz\/wp-content\/uploads\/2025\/12\/image-6-edited-300x29.png 300w\" sizes=\"auto, (max-width: 539px) 100vw, 539px\" \/><\/figure>\n\n\n\n<p>Po dokon\u010den\u00ed procesu slicov\u00e1n\u00ed ulo\u017e\u00edme G-code nap\u0159\u00edklad na fle\u0161ku tla\u010d\u00edtkem vpravo dole &#8211; Exportovat G-code.<\/p>\n\n\n\n<figure class=\"wp-block-image size-full\"><img loading=\"lazy\" decoding=\"async\" width=\"547\" height=\"55\" src=\"https:\/\/3d.edumaker.cz\/wp-content\/uploads\/2025\/12\/image-7-edited.png\" alt=\"\" class=\"wp-image-107\" srcset=\"https:\/\/3d.edumaker.cz\/wp-content\/uploads\/2025\/12\/image-7-edited.png 547w, https:\/\/3d.edumaker.cz\/wp-content\/uploads\/2025\/12\/image-7-edited-300x30.png 300w\" sizes=\"auto, (max-width: 547px) 100vw, 547px\" \/><\/figure>\n\n\n\n<p>Fle\u0161ku vlo\u017e\u00edme do zkalibrovan\u00e9 a p\u0159ipraven\u00e9 tisk\u00e1rny. Vybereme soubor k tisku a spust\u00edme tisk. \ud83d\ude42<br><br><br><\/p>\n","protected":false},"excerpt":{"rendered":"<p>Zde si uk\u00e1\u017eeme postup od modelu k v\u00fdrobku. Ujist\u00edme se \u017ee tisk\u00e1rna je zkalibrovan\u00e1 podle n\u00e1vodu. Najdeme si nebo vytvo\u0159\u00edme model podle n\u00e1vodu. D\u00e1le si st\u00e1hneme Pr\u016f\u0161a Slicer. Po sta\u017een\u00ed instalaci PrusaSliceru se vrhneme na konfiguraci. St\u00e1hneme si n\u00e1mi p\u0159ipraven\u00fd konfigura\u010dn\u00ed soubor: V lev\u00e9m horn\u00edm rohu klikneme na:Soubor-&gt;Importovat-&gt;Importovat konfiguraci D\u00e1le vlo\u017e\u00edme model p\u0159eta\u017een\u00edm souboru do [&hellip;]<\/p>\n","protected":false},"author":1,"featured_media":48,"parent":0,"menu_order":0,"comment_status":"closed","ping_status":"closed","template":"","meta":{"footnotes":""},"class_list":["post-20","page","type-page","status-publish","has-post-thumbnail","hentry"],"_links":{"self":[{"href":"https:\/\/3d.edumaker.cz\/index.php?rest_route=\/wp\/v2\/pages\/20","targetHints":{"allow":["GET"]}}],"collection":[{"href":"https:\/\/3d.edumaker.cz\/index.php?rest_route=\/wp\/v2\/pages"}],"about":[{"href":"https:\/\/3d.edumaker.cz\/index.php?rest_route=\/wp\/v2\/types\/page"}],"author":[{"embeddable":true,"href":"https:\/\/3d.edumaker.cz\/index.php?rest_route=\/wp\/v2\/users\/1"}],"replies":[{"embeddable":true,"href":"https:\/\/3d.edumaker.cz\/index.php?rest_route=%2Fwp%2Fv2%2Fcomments&post=20"}],"version-history":[{"count":7,"href":"https:\/\/3d.edumaker.cz\/index.php?rest_route=\/wp\/v2\/pages\/20\/revisions"}],"predecessor-version":[{"id":108,"href":"https:\/\/3d.edumaker.cz\/index.php?rest_route=\/wp\/v2\/pages\/20\/revisions\/108"}],"wp:featuredmedia":[{"embeddable":true,"href":"https:\/\/3d.edumaker.cz\/index.php?rest_route=\/wp\/v2\/media\/48"}],"wp:attachment":[{"href":"https:\/\/3d.edumaker.cz\/index.php?rest_route=%2Fwp%2Fv2%2Fmedia&parent=20"}],"curies":[{"name":"wp","href":"https:\/\/api.w.org\/{rel}","templated":true}]}}