{"id":8,"date":"2025-12-03T17:37:29","date_gmt":"2025-12-03T16:37:29","guid":{"rendered":"http:\/\/3d.edumaker.cz\/?page_id=8"},"modified":"2025-12-16T15:59:55","modified_gmt":"2025-12-16T14:59:55","slug":"3d-tiskarna","status":"publish","type":"page","link":"https:\/\/3d.edumaker.cz\/","title":{"rendered":"3D Tisk\u00e1rna"},"content":{"rendered":"\n<p>Co je to za tisk\u00e1rnu ? <br><\/p>\n\n\n\n<figure class=\"wp-block-gallery has-nested-images columns-default is-cropped wp-block-gallery-1 is-layout-flex wp-block-gallery-is-layout-flex\">\n<figure class=\"wp-block-image size-large\"><img loading=\"lazy\" decoding=\"async\" width=\"709\" height=\"517\" data-id=\"109\" src=\"https:\/\/3d.edumaker.cz\/wp-content\/uploads\/2025\/12\/Navrh-bez-nazvu2.png\" alt=\"\" class=\"wp-image-109\" srcset=\"https:\/\/3d.edumaker.cz\/wp-content\/uploads\/2025\/12\/Navrh-bez-nazvu2.png 709w, https:\/\/3d.edumaker.cz\/wp-content\/uploads\/2025\/12\/Navrh-bez-nazvu2-300x219.png 300w\" sizes=\"auto, (max-width: 709px) 100vw, 709px\" \/><\/figure>\n<\/figure>\n\n\n\n<p>Jedn\u00e1 se o tisk\u00e1rnu <a href=\"https:\/\/www.creality.com\/products\/ender-6-3d-printer\"><strong>Ender 6<\/strong><\/a> od \u010d\u00ednsk\u00e9ho v\u00fdrobce <a href=\"https:\/\/www.creality.com\/\" data-type=\"link\" data-id=\"https:\/\/www.creality.com\/\"><strong>Creality<\/strong><\/a>.<br><br>Jej\u00ed tiskov\u00fd objem je 250x250x400mm.<br>Pr\u016fm\u011br trysky je 0.4mm.<\/p>\n\n\n\n<p><br><br>D\u00e1le na str\u00e1nce najde\u0161 n\u00e1vody:<\/p>\n\n\n\n<div data-wp-interactive=\"core\/file\" class=\"wp-block-file\"><object data-wp-bind--hidden=\"!state.hasPdfPreview\" hidden class=\"wp-block-file__embed\" data=\"https:\/\/3d.edumaker.cz\/wp-content\/uploads\/2025\/12\/NAVOD-K-OBSLUZE.pdf\" type=\"application\/pdf\" style=\"width:100%;height:600px\" aria-label=\"Vlo\u017eit z N\u00c1VOD K OBSLUZE.\"><\/object><a id=\"wp-block-file--media-a3fc4535-b2f6-499a-a8ae-5669d5aaa77d\" href=\"https:\/\/3d.edumaker.cz\/wp-content\/uploads\/2025\/12\/NAVOD-K-OBSLUZE.pdf\">N\u00c1VOD K OBSLUZE<\/a><a href=\"https:\/\/3d.edumaker.cz\/wp-content\/uploads\/2025\/12\/NAVOD-K-OBSLUZE.pdf\" class=\"wp-block-file__button wp-element-button\" download aria-describedby=\"wp-block-file--media-a3fc4535-b2f6-499a-a8ae-5669d5aaa77d\">St\u00e1hnout<\/a><\/div>\n\n\n\n<ul class=\"wp-block-list\">\n<li><em><a href=\"https:\/\/3d.edumaker.cz\/?page_id=36\" data-type=\"page\" data-id=\"36\">Kalibraci<\/a><\/em><\/li>\n\n\n\n<li><a href=\"https:\/\/3d.edumaker.cz\/?page_id=20\" data-type=\"page\" data-id=\"20\">Slicing<\/a><\/li>\n\n\n\n<li><a href=\"https:\/\/3d.edumaker.cz\/?page_id=96\" data-type=\"page\" data-id=\"96\">Materi\u00e1ly<\/a><\/li>\n\n\n\n<li><a href=\"https:\/\/3d.edumaker.cz\/?page_id=41\" data-type=\"page\" data-id=\"41\">V\u00fdrobu\/Sta\u017een\u00ed model\u016f<\/a><\/li>\n<\/ul>\n\n\n\n<p><em>Tisku zdar!<\/em><\/p>\n","protected":false},"excerpt":{"rendered":"<p>Co je to za tisk\u00e1rnu ? Jedn\u00e1 se o tisk\u00e1rnu Ender 6 od \u010d\u00ednsk\u00e9ho v\u00fdrobce Creality. Jej\u00ed tiskov\u00fd objem je 250x250x400mm.Pr\u016fm\u011br trysky je 0.4mm. D\u00e1le na str\u00e1nce najde\u0161 n\u00e1vody: Tisku zdar!<\/p>\n","protected":false},"author":1,"featured_media":0,"parent":0,"menu_order":0,"comment_status":"closed","ping_status":"closed","template":"","meta":{"footnotes":""},"class_list":["post-8","page","type-page","status-publish","hentry"],"_links":{"self":[{"href":"https:\/\/3d.edumaker.cz\/index.php?rest_route=\/wp\/v2\/pages\/8","targetHints":{"allow":["GET"]}}],"collection":[{"href":"https:\/\/3d.edumaker.cz\/index.php?rest_route=\/wp\/v2\/pages"}],"about":[{"href":"https:\/\/3d.edumaker.cz\/index.php?rest_route=\/wp\/v2\/types\/page"}],"author":[{"embeddable":true,"href":"https:\/\/3d.edumaker.cz\/index.php?rest_route=\/wp\/v2\/users\/1"}],"replies":[{"embeddable":true,"href":"https:\/\/3d.edumaker.cz\/index.php?rest_route=%2Fwp%2Fv2%2Fcomments&post=8"}],"version-history":[{"count":6,"href":"https:\/\/3d.edumaker.cz\/index.php?rest_route=\/wp\/v2\/pages\/8\/revisions"}],"predecessor-version":[{"id":144,"href":"https:\/\/3d.edumaker.cz\/index.php?rest_route=\/wp\/v2\/pages\/8\/revisions\/144"}],"wp:attachment":[{"href":"https:\/\/3d.edumaker.cz\/index.php?rest_route=%2Fwp%2Fv2%2Fmedia&parent=8"}],"curies":[{"name":"wp","href":"https:\/\/api.w.org\/{rel}","templated":true}]}}